{"id":3,"date":"2024-02-02T10:50:16","date_gmt":"2024-02-02T10:50:16","guid":{"rendered":"https:\/\/www.ferrier.fr\/?page_id=3"},"modified":"2025-12-04T16:29:05","modified_gmt":"2025-12-04T16:29:05","slug":"mentions-legales","status":"publish","type":"page","link":"https:\/\/www.ferrier.fr\/en\/mentions-legales\/","title":{"rendered":"Mentions l\u00e9gales"},"content":{"rendered":"<div data-elementor-type=\"wp-page\" data-elementor-id=\"3\" class=\"elementor elementor-3\" data-elementor-post-type=\"page\">\n\t\t\t\t<div class=\"elementor-element elementor-element-2b6083a e-flex e-con-boxed e-con e-parent\" data-id=\"2b6083a\" data-element_type=\"container\" data-e-type=\"container\">\n\t\t\t\t\t<div class=\"e-con-inner\">\n\t\t\t\t<div class=\"elementor-element elementor-element-997ebfe elementor-widget elementor-widget-heading\" data-id=\"997ebfe\" data-element_type=\"widget\" data-e-type=\"widget\" data-widget_type=\"heading.default\">\n\t\t\t\t<div class=\"elementor-widget-container\">\n\t\t\t\t\t<h1 class=\"elementor-heading-title elementor-size-default\">Mentions l\u00e9gales<\/h1>\t\t\t\t<\/div>\n\t\t\t\t<\/div>\n\t\t\t\t\t<\/div>\n\t\t\t\t<\/div>\n\t\t<div class=\"elementor-element elementor-element-33914015 e-flex e-con-boxed e-con e-parent\" data-id=\"33914015\" data-element_type=\"container\" data-e-type=\"container\">\n\t\t\t\t\t<div class=\"e-con-inner\">\n\t\t\t\t<div class=\"elementor-element elementor-element-3df6bf89 elementor-widget elementor-widget-text-editor\" data-id=\"3df6bf89\" data-element_type=\"widget\" data-e-type=\"widget\" data-widget_type=\"text-editor.default\">\n\t\t\t\t<div class=\"elementor-widget-container\">\n\t\t\t\t\t\t\t\t\t<h4>1. <strong>\u00c9diteur du site<\/strong><\/h4><p>Le site <strong>Ferrier.fr<\/strong> est \u00e9dit\u00e9 par :<br \/><strong>Nom de la soci\u00e9t\u00e9<\/strong> : Ferrier\u00a0<br \/><strong>Forme juridique<\/strong> : SAS<br \/><strong>Capital social<\/strong> : 364 800 Euros<br \/><strong>Si\u00e8ge social<\/strong> : 3400, chemin Donn\u00e9 &#8211; 13560 S\u00e9nas<br \/><strong>Num\u00e9ro SIRET<\/strong> : 323 944 058 00045<br \/><strong>RCS<\/strong> : 323 944 058 RCS Tarascon<br \/><strong>Directrice de la publication<\/strong> : Elise FERRIER\u00a0<\/p><h4>2. <strong>H\u00e9bergeur du site<\/strong><\/h4><p>Le site <strong>Ferrier.fr<\/strong> est h\u00e9berg\u00e9 par :<br \/><strong>Nom de l\u2019h\u00e9bergeur<\/strong> :\u00a0 O2switch<\/p><h2><strong>Conception et d\u00e9veloppement :<\/strong><\/h2><p>Directeur de projet et communication: Sandra Vich \u2013 <a href=\"https:\/\/www.sandra-vich.fr\/\" target=\"_blank\" rel=\"noopener\">SV Communication<\/a><strong><br \/><\/strong>D\u00e9veloppement : Jalila Drissi <a href=\"https:\/\/www.onze-web.com\/\" target=\"_blank\" rel=\"noopener\">OnZeWeb<\/a><strong><br \/><\/strong><\/p><h4>3. <strong>Propri\u00e9t\u00e9 intellectuelle<\/strong><\/h4><p>L&rsquo;ensemble des contenus (textes, images, illustrations, vid\u00e9os, logos, etc.) pr\u00e9sents sur le site <strong>Ferrier.fr<\/strong> sont prot\u00e9g\u00e9s par le droit d&rsquo;auteur et sont la propri\u00e9t\u00e9 exclusive de <strong>Ferrier<\/strong> ou de ses partenaires. Toute reproduction, distribution, modification ou exploitation des contenus du site, sans autorisation pr\u00e9alable, est strictement interdite.<\/p><h4>4. <strong>Donn\u00e9es personnelles<\/strong><\/h4><p>Conform\u00e9ment \u00e0 la loi n\u00b078-17 du 6 janvier 1978 relative \u00e0 l&rsquo;informatique, aux fichiers et aux libert\u00e9s, ainsi qu&rsquo;au R\u00e8glement G\u00e9n\u00e9ral sur la Protection des Donn\u00e9es (RGPD), vous disposez d&rsquo;un droit d&rsquo;acc\u00e8s, de rectification, d&rsquo;effacement et d&rsquo;opposition au traitement des donn\u00e9es personnelles vous concernant.<\/p><p>Pour exercer ce droit, vous pouvez contacter le responsable du traitement \u00e0 l\u2019adresse suivante : <strong>commerce@ferrier.fr<\/strong> ou par courrier \u00e0 l\u2019adresse suivante : <strong>3400, chemin Donn\u00e9 13500 S\u00e9nas<\/strong>.<\/p><p>Les donn\u00e9es collect\u00e9es sont uniquement destin\u00e9es \u00e0 l\u2019usage interne de <strong>Ferrier<\/strong> et ne seront en aucun cas c\u00e9d\u00e9es ou vendues \u00e0 des tiers sans votre consentement explicite.<\/p><h4>5. <strong>Cookies<\/strong><\/h4><p>Le site <strong>Ferrier.fr<\/strong> utilise des cookies pour am\u00e9liorer l\u2019exp\u00e9rience utilisateur et mesurer l\u2019audience du site. En continuant \u00e0 naviguer sur ce site, vous acceptez l\u2019utilisation de cookies conform\u00e9ment \u00e0 notre politique de gestion des cookies. Vous pouvez \u00e0 tout moment d\u00e9sactiver ces cookies via les param\u00e8tres de votre navigateur.<\/p><h4>6. <strong>Responsabilit\u00e9<\/strong><\/h4><p>Le contenu du site <strong>Ferrier.fr<\/strong> est fourni \u00e0 titre informatif. <strong>Ferrier<\/strong> ne saurait \u00eatre tenu responsable en cas d\u2019inexactitude ou d\u2019omission dans ces informations, ou de tout dommage r\u00e9sultant de l\u2019utilisation du site.<\/p><h4>7. <strong>Litiges<\/strong><\/h4><p>Les pr\u00e9sentes mentions l\u00e9gales sont r\u00e9gies par le droit fran\u00e7ais. En cas de litige, et \u00e0 d\u00e9faut de r\u00e9solution amiable, les tribunaux fran\u00e7ais seront seuls comp\u00e9tents pour en conna\u00eetre.<\/p>\t\t\t\t\t\t\t\t<\/div>\n\t\t\t\t<\/div>\n\t\t\t\t\t<\/div>\n\t\t\t\t<\/div>\n\t\t\t\t<\/div>","protected":false},"excerpt":{"rendered":"<p>1. \u00c9diteur du site Le site Ferrier.fr est \u00e9dit\u00e9 par :Nom de la soci\u00e9t\u00e9 : Ferrier\u00a0Forme juridique : SASCapital social : 364 800 EurosSi\u00e8ge social : 3400, chemin Donn\u00e9 &#8211; 13560 S\u00e9nasNum\u00e9ro SIRET : 323 944 058 00045RCS : 323 944 058 RCS TarasconDirectrice de la publication : Elise FERRIER\u00a0 2. H\u00e9bergeur du site Le [&hellip;]<\/p>\n","protected":false},"author":1,"featured_media":0,"parent":0,"menu_order":0,"comment_status":"closed","ping_status":"closed","template":"","meta":{"footnotes":""},"class_list":["post-3","page","type-page","status-publish","hentry"],"_links":{"self":[{"href":"https:\/\/www.ferrier.fr\/en\/wp-json\/wp\/v2\/pages\/3","targetHints":{"allow":["GET"]}}],"collection":[{"href":"https:\/\/www.ferrier.fr\/en\/wp-json\/wp\/v2\/pages"}],"about":[{"href":"https:\/\/www.ferrier.fr\/en\/wp-json\/wp\/v2\/types\/page"}],"author":[{"embeddable":true,"href":"https:\/\/www.ferrier.fr\/en\/wp-json\/wp\/v2\/users\/1"}],"replies":[{"embeddable":true,"href":"https:\/\/www.ferrier.fr\/en\/wp-json\/wp\/v2\/comments?post=3"}],"version-history":[{"count":19,"href":"https:\/\/www.ferrier.fr\/en\/wp-json\/wp\/v2\/pages\/3\/revisions"}],"predecessor-version":[{"id":2631,"href":"https:\/\/www.ferrier.fr\/en\/wp-json\/wp\/v2\/pages\/3\/revisions\/2631"}],"wp:attachment":[{"href":"https:\/\/www.ferrier.fr\/en\/wp-json\/wp\/v2\/media?parent=3"}],"curies":[{"name":"wp","href":"https:\/\/api.w.org\/{rel}","templated":true}]}}